{"id":192,"date":"2020-05-11T14:06:18","date_gmt":"2020-05-11T17:06:18","guid":{"rendered":"http:\/\/www.docpro.com.br\/mainweb\/?page_id=192"},"modified":"2020-05-11T14:14:17","modified_gmt":"2020-05-11T17:14:17","slug":"pesquisa-de-acervos","status":"publish","type":"page","link":"https:\/\/www.docpro.com.br\/mainweb\/pesquisa-de-acervos\/","title":{"rendered":"Pesquisa de Acervos"},"content":{"rendered":"\t\t<div data-elementor-type=\"wp-page\" data-elementor-id=\"192\" class=\"elementor elementor-192\">\n\t\t\t\t\t\t<section class=\"elementor-section elementor-top-section elementor-element elementor-element-f19512d elementor-section-stretched elementor-section-full_width elementor-section-height-default elementor-section-height-default\" data-id=\"f19512d\" data-element_type=\"section\" data-settings=\"{&quot;stretch_section&quot;:&quot;section-stretched&quot;}\">\n\t\t\t\t\t\t<div class=\"elementor-container elementor-column-gap-default\">\n\t\t\t\t\t<div class=\"elementor-column elementor-col-50 elementor-top-column elementor-element elementor-element-680c59b\" data-id=\"680c59b\" data-element_type=\"column\">\n\t\t\t<div class=\"elementor-widget-wrap elementor-element-populated\">\n\t\t\t\t\t\t<div class=\"elementor-element elementor-element-f21514d elementor-widget elementor-widget-text-editor\" data-id=\"f21514d\" data-element_type=\"widget\" data-widget_type=\"text-editor.default\">\n\t\t\t\t<div class=\"elementor-widget-container\">\n\t\t\t\t\t\t\t\t\t<p>Com a tecnologia DocPro \u00e9 poss\u00edvel consultar obras e documentos raros e\/ou valiosos sem exp\u00f4-los \u00e0 um ambiente com descuidados ou ilumina\u00e7\u00e3o indevida. Al\u00e9m disso, atrav\u00e9s do nosso sistema, voc\u00ea pode disponibilizar seu acervo p\u00fablico para pesquisas instant\u00e2neas ou manter o acesso apenas a um grupo de pessoas ou \u00e0 uma empresa.<\/p>\t\t\t\t\t\t\t\t<\/div>\n\t\t\t\t<\/div>\n\t\t\t\t\t<\/div>\n\t\t<\/div>\n\t\t\t\t<div class=\"elementor-column elementor-col-50 elementor-top-column elementor-element elementor-element-90738e1\" data-id=\"90738e1\" data-element_type=\"column\">\n\t\t\t<div class=\"elementor-widget-wrap elementor-element-populated\">\n\t\t\t\t\t\t<div class=\"elementor-element elementor-element-34dd674 elementor-widget elementor-widget-image\" data-id=\"34dd674\" data-element_type=\"widget\" data-widget_type=\"image.default\">\n\t\t\t\t<div class=\"elementor-widget-container\">\n\t\t\t\t\t\t\t\t\t\t\t\t\t\t\t<img fetchpriority=\"high\" decoding=\"async\" width=\"300\" height=\"300\" src=\"https:\/\/www.docpro.com.br\/mainweb\/wp-content\/uploads\/2020\/05\/img-serv-01-300x300.jpg\" class=\"attachment-medium size-medium wp-image-195\" alt=\"\" srcset=\"https:\/\/www.docpro.com.br\/mainweb\/wp-content\/uploads\/2020\/05\/img-serv-01-300x300.jpg 300w, https:\/\/www.docpro.com.br\/mainweb\/wp-content\/uploads\/2020\/05\/img-serv-01-150x150.jpg 150w, https:\/\/www.docpro.com.br\/mainweb\/wp-content\/uploads\/2020\/05\/img-serv-01-120x120.jpg 120w, https:\/\/www.docpro.com.br\/mainweb\/wp-content\/uploads\/2020\/05\/img-serv-01.jpg 586w\" sizes=\"(max-width: 300px) 100vw, 300px\" \/>\t\t\t\t\t\t\t\t\t\t\t\t\t\t\t<\/div>\n\t\t\t\t<\/div>\n\t\t\t\t\t<\/div>\n\t\t<\/div>\n\t\t\t\t\t<\/div>\n\t\t<\/section>\n\t\t\t\t<\/div>\n\t\t","protected":false},"excerpt":{"rendered":"<p>Com a tecnologia DocPro \u00e9 poss\u00edvel consultar obras e documentos raros e\/ou valiosos sem exp\u00f4-los \u00e0 um ambiente com descuidados ou ilumina\u00e7\u00e3o indevida. Al\u00e9m disso, atrav\u00e9s do nosso sistema, voc\u00ea pode disponibilizar seu acervo p\u00fablico para pesquisas instant\u00e2neas ou manter o acesso apenas a um grupo de pessoas ou \u00e0 uma empresa.<\/p>\n","protected":false},"author":1,"featured_media":131,"parent":0,"menu_order":0,"comment_status":"closed","ping_status":"closed","template":"modelo-pesquisa-acervos.php","meta":{"_acf_changed":false,"footnotes":""},"class_list":["post-192","page","type-page","status-publish","has-post-thumbnail","hentry"],"acf":[],"yoast_head":"<!-- This site is optimized with the Yoast SEO plugin v24.1 - https:\/\/yoast.com\/wordpress\/plugins\/seo\/ -->\n<title>Pesquisa de Acervos - DocPro - a tecnologia que traz produtividade para sua empresa<\/title>\n<meta name=\"robots\" content=\"index, follow, max-snippet:-1, max-image-preview:large, max-video-preview:-1\" \/>\n<link rel=\"canonical\" href=\"https:\/\/www.docpro.com.br\/mainweb\/pesquisa-de-acervos\/\" \/>\n<meta property=\"og:locale\" content=\"pt_BR\" \/>\n<meta property=\"og:type\" content=\"article\" \/>\n<meta property=\"og:title\" content=\"Pesquisa de Acervos - DocPro - a tecnologia que traz produtividade para sua empresa\" \/>\n<meta property=\"og:description\" content=\"Com a tecnologia DocPro \u00e9 poss\u00edvel consultar obras e documentos raros e\/ou valiosos sem exp\u00f4-los \u00e0 um ambiente com descuidados ou ilumina\u00e7\u00e3o indevida. Al\u00e9m disso, atrav\u00e9s do nosso sistema, voc\u00ea pode disponibilizar seu acervo p\u00fablico para pesquisas instant\u00e2neas ou manter o acesso apenas a um grupo de pessoas ou \u00e0 uma empresa.\" \/>\n<meta property=\"og:url\" content=\"https:\/\/www.docpro.com.br\/mainweb\/pesquisa-de-acervos\/\" \/>\n<meta property=\"og:site_name\" content=\"DocPro - a tecnologia que traz produtividade para sua empresa\" \/>\n<meta property=\"article:modified_time\" content=\"2020-05-11T17:14:17+00:00\" \/>\n<meta property=\"og:image\" content=\"https:\/\/www.docpro.com.br\/mainweb\/wp-content\/uploads\/2020\/05\/bg-servicos.jpg\" \/>\n\t<meta property=\"og:image:width\" content=\"1600\" \/>\n\t<meta property=\"og:image:height\" content=\"778\" \/>\n\t<meta property=\"og:image:type\" content=\"image\/jpeg\" \/>\n<meta name=\"twitter:card\" content=\"summary_large_image\" \/>\n<script type=\"application\/ld+json\" class=\"yoast-schema-graph\">{\"@context\":\"https:\/\/schema.org\",\"@graph\":[{\"@type\":\"WebPage\",\"@id\":\"https:\/\/www.docpro.com.br\/mainweb\/pesquisa-de-acervos\/\",\"url\":\"https:\/\/www.docpro.com.br\/mainweb\/pesquisa-de-acervos\/\",\"name\":\"Pesquisa de Acervos - DocPro - a tecnologia que traz produtividade para sua empresa\",\"isPartOf\":{\"@id\":\"https:\/\/www.docpro.com.br\/mainweb\/#website\"},\"primaryImageOfPage\":{\"@id\":\"https:\/\/www.docpro.com.br\/mainweb\/pesquisa-de-acervos\/#primaryimage\"},\"image\":{\"@id\":\"https:\/\/www.docpro.com.br\/mainweb\/pesquisa-de-acervos\/#primaryimage\"},\"thumbnailUrl\":\"https:\/\/www.docpro.com.br\/mainweb\/wp-content\/uploads\/2020\/05\/bg-servicos.jpg\",\"datePublished\":\"2020-05-11T17:06:18+00:00\",\"dateModified\":\"2020-05-11T17:14:17+00:00\",\"breadcrumb\":{\"@id\":\"https:\/\/www.docpro.com.br\/mainweb\/pesquisa-de-acervos\/#breadcrumb\"},\"inLanguage\":\"pt-BR\",\"potentialAction\":[{\"@type\":\"ReadAction\",\"target\":[\"https:\/\/www.docpro.com.br\/mainweb\/pesquisa-de-acervos\/\"]}]},{\"@type\":\"ImageObject\",\"inLanguage\":\"pt-BR\",\"@id\":\"https:\/\/www.docpro.com.br\/mainweb\/pesquisa-de-acervos\/#primaryimage\",\"url\":\"https:\/\/www.docpro.com.br\/mainweb\/wp-content\/uploads\/2020\/05\/bg-servicos.jpg\",\"contentUrl\":\"https:\/\/www.docpro.com.br\/mainweb\/wp-content\/uploads\/2020\/05\/bg-servicos.jpg\",\"width\":1600,\"height\":778},{\"@type\":\"BreadcrumbList\",\"@id\":\"https:\/\/www.docpro.com.br\/mainweb\/pesquisa-de-acervos\/#breadcrumb\",\"itemListElement\":[{\"@type\":\"ListItem\",\"position\":1,\"name\":\"In\u00edcio\",\"item\":\"https:\/\/www.docpro.com.br\/mainweb\/\"},{\"@type\":\"ListItem\",\"position\":2,\"name\":\"Pesquisa de Acervos\"}]},{\"@type\":\"WebSite\",\"@id\":\"https:\/\/www.docpro.com.br\/mainweb\/#website\",\"url\":\"https:\/\/www.docpro.com.br\/mainweb\/\",\"name\":\"DocPro - a tecnologia que traz produtividade para sua empresa\",\"description\":\"A DocPro traz uma tecnologia de inxa\u00e7\u00e3o, armazenamento e pesquisa em documentos de diferentes formatos.\",\"publisher\":{\"@id\":\"https:\/\/www.docpro.com.br\/mainweb\/#organization\"},\"potentialAction\":[{\"@type\":\"SearchAction\",\"target\":{\"@type\":\"EntryPoint\",\"urlTemplate\":\"https:\/\/www.docpro.com.br\/mainweb\/?s={search_term_string}\"},\"query-input\":{\"@type\":\"PropertyValueSpecification\",\"valueRequired\":true,\"valueName\":\"search_term_string\"}}],\"inLanguage\":\"pt-BR\"},{\"@type\":\"Organization\",\"@id\":\"https:\/\/www.docpro.com.br\/mainweb\/#organization\",\"name\":\"DocPro - a tecnologia que traz produtividade para sua empresa\",\"url\":\"https:\/\/www.docpro.com.br\/mainweb\/\",\"logo\":{\"@type\":\"ImageObject\",\"inLanguage\":\"pt-BR\",\"@id\":\"https:\/\/www.docpro.com.br\/mainweb\/#\/schema\/logo\/image\/\",\"url\":\"https:\/\/www.docpro.com.br\/mainweb\/wp-content\/uploads\/2020\/04\/2007_Logo_DocPro_HIGH_TranspSlogan_1@2x.png\",\"contentUrl\":\"https:\/\/www.docpro.com.br\/mainweb\/wp-content\/uploads\/2020\/04\/2007_Logo_DocPro_HIGH_TranspSlogan_1@2x.png\",\"width\":636,\"height\":172,\"caption\":\"DocPro - a tecnologia que traz produtividade para sua empresa\"},\"image\":{\"@id\":\"https:\/\/www.docpro.com.br\/mainweb\/#\/schema\/logo\/image\/\"}}]}<\/script>\n<!-- \/ Yoast SEO plugin. -->","yoast_head_json":{"title":"Pesquisa de Acervos - DocPro - a tecnologia que traz produtividade para sua empresa","robots":{"index":"index","follow":"follow","max-snippet":"max-snippet:-1","max-image-preview":"max-image-preview:large","max-video-preview":"max-video-preview:-1"},"canonical":"https:\/\/www.docpro.com.br\/mainweb\/pesquisa-de-acervos\/","og_locale":"pt_BR","og_type":"article","og_title":"Pesquisa de Acervos - DocPro - a tecnologia que traz produtividade para sua empresa","og_description":"Com a tecnologia DocPro \u00e9 poss\u00edvel consultar obras e documentos raros e\/ou valiosos sem exp\u00f4-los \u00e0 um ambiente com descuidados ou ilumina\u00e7\u00e3o indevida. Al\u00e9m disso, atrav\u00e9s do nosso sistema, voc\u00ea pode disponibilizar seu acervo p\u00fablico para pesquisas instant\u00e2neas ou manter o acesso apenas a um grupo de pessoas ou \u00e0 uma empresa.","og_url":"https:\/\/www.docpro.com.br\/mainweb\/pesquisa-de-acervos\/","og_site_name":"DocPro - a tecnologia que traz produtividade para sua empresa","article_modified_time":"2020-05-11T17:14:17+00:00","og_image":[{"width":1600,"height":778,"url":"https:\/\/www.docpro.com.br\/mainweb\/wp-content\/uploads\/2020\/05\/bg-servicos.jpg","type":"image\/jpeg"}],"twitter_card":"summary_large_image","schema":{"@context":"https:\/\/schema.org","@graph":[{"@type":"WebPage","@id":"https:\/\/www.docpro.com.br\/mainweb\/pesquisa-de-acervos\/","url":"https:\/\/www.docpro.com.br\/mainweb\/pesquisa-de-acervos\/","name":"Pesquisa de Acervos - DocPro - a tecnologia que traz produtividade para sua empresa","isPartOf":{"@id":"https:\/\/www.docpro.com.br\/mainweb\/#website"},"primaryImageOfPage":{"@id":"https:\/\/www.docpro.com.br\/mainweb\/pesquisa-de-acervos\/#primaryimage"},"image":{"@id":"https:\/\/www.docpro.com.br\/mainweb\/pesquisa-de-acervos\/#primaryimage"},"thumbnailUrl":"https:\/\/www.docpro.com.br\/mainweb\/wp-content\/uploads\/2020\/05\/bg-servicos.jpg","datePublished":"2020-05-11T17:06:18+00:00","dateModified":"2020-05-11T17:14:17+00:00","breadcrumb":{"@id":"https:\/\/www.docpro.com.br\/mainweb\/pesquisa-de-acervos\/#breadcrumb"},"inLanguage":"pt-BR","potentialAction":[{"@type":"ReadAction","target":["https:\/\/www.docpro.com.br\/mainweb\/pesquisa-de-acervos\/"]}]},{"@type":"ImageObject","inLanguage":"pt-BR","@id":"https:\/\/www.docpro.com.br\/mainweb\/pesquisa-de-acervos\/#primaryimage","url":"https:\/\/www.docpro.com.br\/mainweb\/wp-content\/uploads\/2020\/05\/bg-servicos.jpg","contentUrl":"https:\/\/www.docpro.com.br\/mainweb\/wp-content\/uploads\/2020\/05\/bg-servicos.jpg","width":1600,"height":778},{"@type":"BreadcrumbList","@id":"https:\/\/www.docpro.com.br\/mainweb\/pesquisa-de-acervos\/#breadcrumb","itemListElement":[{"@type":"ListItem","position":1,"name":"In\u00edcio","item":"https:\/\/www.docpro.com.br\/mainweb\/"},{"@type":"ListItem","position":2,"name":"Pesquisa de Acervos"}]},{"@type":"WebSite","@id":"https:\/\/www.docpro.com.br\/mainweb\/#website","url":"https:\/\/www.docpro.com.br\/mainweb\/","name":"DocPro - a tecnologia que traz produtividade para sua empresa","description":"A DocPro traz uma tecnologia de inxa\u00e7\u00e3o, armazenamento e pesquisa em documentos de diferentes formatos.","publisher":{"@id":"https:\/\/www.docpro.com.br\/mainweb\/#organization"},"potentialAction":[{"@type":"SearchAction","target":{"@type":"EntryPoint","urlTemplate":"https:\/\/www.docpro.com.br\/mainweb\/?s={search_term_string}"},"query-input":{"@type":"PropertyValueSpecification","valueRequired":true,"valueName":"search_term_string"}}],"inLanguage":"pt-BR"},{"@type":"Organization","@id":"https:\/\/www.docpro.com.br\/mainweb\/#organization","name":"DocPro - a tecnologia que traz produtividade para sua empresa","url":"https:\/\/www.docpro.com.br\/mainweb\/","logo":{"@type":"ImageObject","inLanguage":"pt-BR","@id":"https:\/\/www.docpro.com.br\/mainweb\/#\/schema\/logo\/image\/","url":"https:\/\/www.docpro.com.br\/mainweb\/wp-content\/uploads\/2020\/04\/2007_Logo_DocPro_HIGH_TranspSlogan_1@2x.png","contentUrl":"https:\/\/www.docpro.com.br\/mainweb\/wp-content\/uploads\/2020\/04\/2007_Logo_DocPro_HIGH_TranspSlogan_1@2x.png","width":636,"height":172,"caption":"DocPro - a tecnologia que traz produtividade para sua empresa"},"image":{"@id":"https:\/\/www.docpro.com.br\/mainweb\/#\/schema\/logo\/image\/"}}]}},"_links":{"self":[{"href":"https:\/\/www.docpro.com.br\/mainweb\/wp-json\/wp\/v2\/pages\/192"}],"collection":[{"href":"https:\/\/www.docpro.com.br\/mainweb\/wp-json\/wp\/v2\/pages"}],"about":[{"href":"https:\/\/www.docpro.com.br\/mainweb\/wp-json\/wp\/v2\/types\/page"}],"author":[{"embeddable":true,"href":"https:\/\/www.docpro.com.br\/mainweb\/wp-json\/wp\/v2\/users\/1"}],"replies":[{"embeddable":true,"href":"https:\/\/www.docpro.com.br\/mainweb\/wp-json\/wp\/v2\/comments?post=192"}],"version-history":[{"count":4,"href":"https:\/\/www.docpro.com.br\/mainweb\/wp-json\/wp\/v2\/pages\/192\/revisions"}],"predecessor-version":[{"id":197,"href":"https:\/\/www.docpro.com.br\/mainweb\/wp-json\/wp\/v2\/pages\/192\/revisions\/197"}],"wp:featuredmedia":[{"embeddable":true,"href":"https:\/\/www.docpro.com.br\/mainweb\/wp-json\/wp\/v2\/media\/131"}],"wp:attachment":[{"href":"https:\/\/www.docpro.com.br\/mainweb\/wp-json\/wp\/v2\/media?parent=192"}],"curies":[{"name":"wp","href":"https:\/\/api.w.org\/{rel}","templated":true}]}}