{"id":102,"date":"2020-04-29T15:38:52","date_gmt":"2020-04-29T18:38:52","guid":{"rendered":"http:\/\/www.docpro.com.br\/mainweb\/?page_id=102"},"modified":"2023-12-19T20:29:20","modified_gmt":"2023-12-19T23:29:20","slug":"quem-usa","status":"publish","type":"page","link":"https:\/\/www.docpro.com.br\/mainweb\/quem-usa\/","title":{"rendered":"Quem usa"},"content":{"rendered":"\t\t<div data-elementor-type=\"wp-page\" data-elementor-id=\"102\" class=\"elementor elementor-102\">\n\t\t\t\t\t\t<section class=\"elementor-section elementor-top-section elementor-element elementor-element-70c27ae elementor-section-stretched elementor-section-full_width elementor-section-height-default elementor-section-height-default\" data-id=\"70c27ae\" data-element_type=\"section\" data-settings=\"{&quot;stretch_section&quot;:&quot;section-stretched&quot;}\">\n\t\t\t\t\t\t<div class=\"elementor-container elementor-column-gap-default\">\n\t\t\t\t\t<div class=\"elementor-column elementor-col-50 elementor-top-column elementor-element elementor-element-413ad9c\" data-id=\"413ad9c\" data-element_type=\"column\">\n\t\t\t<div class=\"elementor-widget-wrap elementor-element-populated\">\n\t\t\t\t\t\t<div class=\"elementor-element elementor-element-c41bcfe elementor-widget elementor-widget-text-editor\" data-id=\"c41bcfe\" data-element_type=\"widget\" data-widget_type=\"text-editor.default\">\n\t\t\t\t<div class=\"elementor-widget-container\">\n\t\t\t\t\t\t\t\t\t<p align=\"left\"><span style=\"font-size: medium;\">Conhe\u00e7a algumas empresas e institutos que utilizam a tecnologia DocPro para otimizar sua gest\u00e3o de documentos e seus processos internos!<\/span><\/p>\t\t\t\t\t\t\t\t<\/div>\n\t\t\t\t<\/div>\n\t\t\t\t\t<\/div>\n\t\t<\/div>\n\t\t\t\t<div class=\"elementor-column elementor-col-50 elementor-top-column elementor-element elementor-element-1b06973\" data-id=\"1b06973\" data-element_type=\"column\">\n\t\t\t<div class=\"elementor-widget-wrap\">\n\t\t\t\t\t\t\t<\/div>\n\t\t<\/div>\n\t\t\t\t\t<\/div>\n\t\t<\/section>\n\t\t\t\t<section class=\"elementor-section elementor-top-section elementor-element elementor-element-af41387 elementor-section-stretched elementor-section-full_width elementor-section-height-default elementor-section-height-default\" data-id=\"af41387\" data-element_type=\"section\" data-settings=\"{&quot;stretch_section&quot;:&quot;section-stretched&quot;}\">\n\t\t\t\t\t\t<div class=\"elementor-container elementor-column-gap-no\">\n\t\t\t\t\t<div class=\"elementor-column elementor-col-16 elementor-top-column elementor-element elementor-element-2fe4ce4\" data-id=\"2fe4ce4\" data-element_type=\"column\">\n\t\t\t<div class=\"elementor-widget-wrap elementor-element-populated\">\n\t\t\t\t\t\t<div class=\"elementor-element elementor-element-4793f13 elementor-widget elementor-widget-image\" data-id=\"4793f13\" data-element_type=\"widget\" data-widget_type=\"image.default\">\n\t\t\t\t<div class=\"elementor-widget-container\">\n\t\t\t\t\t\t\t\t\t\t\t\t\t\t\t<img fetchpriority=\"high\" decoding=\"async\" width=\"300\" height=\"300\" src=\"https:\/\/www.docpro.com.br\/mainweb\/wp-content\/uploads\/2020\/05\/enel-logo-branca.png\" class=\"attachment-large size-large wp-image-141\" alt=\"\" srcset=\"https:\/\/www.docpro.com.br\/mainweb\/wp-content\/uploads\/2020\/05\/enel-logo-branca.png 300w, https:\/\/www.docpro.com.br\/mainweb\/wp-content\/uploads\/2020\/05\/enel-logo-branca-150x150.png 150w, https:\/\/www.docpro.com.br\/mainweb\/wp-content\/uploads\/2020\/05\/enel-logo-branca-120x120.png 120w\" sizes=\"(max-width: 300px) 100vw, 300px\" \/>\t\t\t\t\t\t\t\t\t\t\t\t\t\t\t<\/div>\n\t\t\t\t<\/div>\n\t\t\t\t\t<\/div>\n\t\t<\/div>\n\t\t\t\t<div class=\"elementor-column elementor-col-16 elementor-top-column elementor-element elementor-element-9404f22\" data-id=\"9404f22\" data-element_type=\"column\">\n\t\t\t<div class=\"elementor-widget-wrap elementor-element-populated\">\n\t\t\t\t\t\t<div class=\"elementor-element elementor-element-de6e994 elementor-widget elementor-widget-image\" data-id=\"de6e994\" data-element_type=\"widget\" data-widget_type=\"image.default\">\n\t\t\t\t<div class=\"elementor-widget-container\">\n\t\t\t\t\t\t\t\t\t\t\t\t\t\t\t<img decoding=\"async\" width=\"300\" height=\"300\" src=\"https:\/\/www.docpro.com.br\/mainweb\/wp-content\/uploads\/2020\/05\/prefeitura-logo-branca.png\" class=\"attachment-large size-large wp-image-137\" alt=\"\" srcset=\"https:\/\/www.docpro.com.br\/mainweb\/wp-content\/uploads\/2020\/05\/prefeitura-logo-branca.png 300w, https:\/\/www.docpro.com.br\/mainweb\/wp-content\/uploads\/2020\/05\/prefeitura-logo-branca-150x150.png 150w, https:\/\/www.docpro.com.br\/mainweb\/wp-content\/uploads\/2020\/05\/prefeitura-logo-branca-120x120.png 120w\" sizes=\"(max-width: 300px) 100vw, 300px\" \/>\t\t\t\t\t\t\t\t\t\t\t\t\t\t\t<\/div>\n\t\t\t\t<\/div>\n\t\t\t\t\t<\/div>\n\t\t<\/div>\n\t\t\t\t<div class=\"elementor-column elementor-col-16 elementor-top-column elementor-element elementor-element-928fec5\" data-id=\"928fec5\" data-element_type=\"column\">\n\t\t\t<div class=\"elementor-widget-wrap elementor-element-populated\">\n\t\t\t\t\t\t<div class=\"elementor-element elementor-element-0dd15f8 elementor-widget elementor-widget-image\" data-id=\"0dd15f8\" data-element_type=\"widget\" data-widget_type=\"image.default\">\n\t\t\t\t<div class=\"elementor-widget-container\">\n\t\t\t\t\t\t\t\t\t\t\t\t\t\t\t<img decoding=\"async\" width=\"300\" height=\"300\" src=\"https:\/\/www.docpro.com.br\/mainweb\/wp-content\/uploads\/2020\/05\/fiocruz-branca.png\" class=\"attachment-large size-large wp-image-139\" alt=\"\" srcset=\"https:\/\/www.docpro.com.br\/mainweb\/wp-content\/uploads\/2020\/05\/fiocruz-branca.png 300w, https:\/\/www.docpro.com.br\/mainweb\/wp-content\/uploads\/2020\/05\/fiocruz-branca-150x150.png 150w, https:\/\/www.docpro.com.br\/mainweb\/wp-content\/uploads\/2020\/05\/fiocruz-branca-120x120.png 120w\" sizes=\"(max-width: 300px) 100vw, 300px\" \/>\t\t\t\t\t\t\t\t\t\t\t\t\t\t\t<\/div>\n\t\t\t\t<\/div>\n\t\t\t\t\t<\/div>\n\t\t<\/div>\n\t\t\t\t<div class=\"elementor-column elementor-col-16 elementor-top-column elementor-element elementor-element-cc8f6f9\" data-id=\"cc8f6f9\" data-element_type=\"column\">\n\t\t\t<div class=\"elementor-widget-wrap elementor-element-populated\">\n\t\t\t\t\t\t<div class=\"elementor-element elementor-element-f9e6370 elementor-widget elementor-widget-image\" data-id=\"f9e6370\" data-element_type=\"widget\" data-widget_type=\"image.default\">\n\t\t\t\t<div class=\"elementor-widget-container\">\n\t\t\t\t\t\t\t\t\t\t\t\t\t\t\t<img loading=\"lazy\" decoding=\"async\" width=\"300\" height=\"300\" src=\"https:\/\/www.docpro.com.br\/mainweb\/wp-content\/uploads\/2020\/05\/fgv.png\" class=\"attachment-large size-large wp-image-142\" alt=\"\" srcset=\"https:\/\/www.docpro.com.br\/mainweb\/wp-content\/uploads\/2020\/05\/fgv.png 300w, https:\/\/www.docpro.com.br\/mainweb\/wp-content\/uploads\/2020\/05\/fgv-150x150.png 150w, https:\/\/www.docpro.com.br\/mainweb\/wp-content\/uploads\/2020\/05\/fgv-120x120.png 120w\" sizes=\"(max-width: 300px) 100vw, 300px\" \/>\t\t\t\t\t\t\t\t\t\t\t\t\t\t\t<\/div>\n\t\t\t\t<\/div>\n\t\t\t\t\t<\/div>\n\t\t<\/div>\n\t\t\t\t<div class=\"elementor-column elementor-col-16 elementor-top-column elementor-element elementor-element-d9d8830\" data-id=\"d9d8830\" data-element_type=\"column\">\n\t\t\t<div class=\"elementor-widget-wrap elementor-element-populated\">\n\t\t\t\t\t\t<div class=\"elementor-element elementor-element-ce71a5a elementor-widget elementor-widget-image\" data-id=\"ce71a5a\" data-element_type=\"widget\" data-widget_type=\"image.default\">\n\t\t\t\t<div class=\"elementor-widget-container\">\n\t\t\t\t\t\t\t\t\t\t\t\t\t\t\t<img loading=\"lazy\" decoding=\"async\" width=\"300\" height=\"300\" src=\"https:\/\/www.docpro.com.br\/mainweb\/wp-content\/uploads\/2020\/05\/academia-brasileira.png\" class=\"attachment-large size-large wp-image-140\" alt=\"\" srcset=\"https:\/\/www.docpro.com.br\/mainweb\/wp-content\/uploads\/2020\/05\/academia-brasileira.png 300w, https:\/\/www.docpro.com.br\/mainweb\/wp-content\/uploads\/2020\/05\/academia-brasileira-150x150.png 150w, https:\/\/www.docpro.com.br\/mainweb\/wp-content\/uploads\/2020\/05\/academia-brasileira-120x120.png 120w\" sizes=\"(max-width: 300px) 100vw, 300px\" \/>\t\t\t\t\t\t\t\t\t\t\t\t\t\t\t<\/div>\n\t\t\t\t<\/div>\n\t\t\t\t\t<\/div>\n\t\t<\/div>\n\t\t\t\t<div class=\"elementor-column elementor-col-16 elementor-top-column elementor-element elementor-element-5b542a9\" data-id=\"5b542a9\" data-element_type=\"column\">\n\t\t\t<div class=\"elementor-widget-wrap elementor-element-populated\">\n\t\t\t\t\t\t<div class=\"elementor-element elementor-element-ff32f95 elementor-widget elementor-widget-image\" data-id=\"ff32f95\" data-element_type=\"widget\" data-widget_type=\"image.default\">\n\t\t\t\t<div class=\"elementor-widget-container\">\n\t\t\t\t\t\t\t\t\t\t\t\t\t\t\t<img loading=\"lazy\" decoding=\"async\" width=\"300\" height=\"300\" src=\"https:\/\/www.docpro.com.br\/mainweb\/wp-content\/uploads\/2020\/05\/marinha.png\" class=\"attachment-large size-large wp-image-138\" alt=\"\" srcset=\"https:\/\/www.docpro.com.br\/mainweb\/wp-content\/uploads\/2020\/05\/marinha.png 300w, https:\/\/www.docpro.com.br\/mainweb\/wp-content\/uploads\/2020\/05\/marinha-150x150.png 150w, https:\/\/www.docpro.com.br\/mainweb\/wp-content\/uploads\/2020\/05\/marinha-120x120.png 120w\" sizes=\"(max-width: 300px) 100vw, 300px\" \/>\t\t\t\t\t\t\t\t\t\t\t\t\t\t\t<\/div>\n\t\t\t\t<\/div>\n\t\t\t\t\t<\/div>\n\t\t<\/div>\n\t\t\t\t\t<\/div>\n\t\t<\/section>\n\t\t\t\t<section class=\"elementor-section elementor-top-section elementor-element elementor-element-801fa6b elementor-section-stretched elementor-section-full_width elementor-section-height-default elementor-section-height-default\" data-id=\"801fa6b\" data-element_type=\"section\" data-settings=\"{&quot;stretch_section&quot;:&quot;section-stretched&quot;}\">\n\t\t\t\t\t\t<div class=\"elementor-container elementor-column-gap-no\">\n\t\t\t\t\t<div class=\"elementor-column elementor-col-16 elementor-top-column elementor-element elementor-element-3b20f80\" data-id=\"3b20f80\" data-element_type=\"column\">\n\t\t\t<div class=\"elementor-widget-wrap elementor-element-populated\">\n\t\t\t\t\t\t<div class=\"elementor-element elementor-element-3d5f503 elementor-widget elementor-widget-image\" data-id=\"3d5f503\" data-element_type=\"widget\" data-widget_type=\"image.default\">\n\t\t\t\t<div class=\"elementor-widget-container\">\n\t\t\t\t\t\t\t\t\t\t\t\t\t\t\t<img loading=\"lazy\" decoding=\"async\" width=\"300\" height=\"300\" src=\"https:\/\/www.docpro.com.br\/mainweb\/wp-content\/uploads\/2020\/05\/instituto-embratel.png\" class=\"attachment-large size-large wp-image-157\" alt=\"\" srcset=\"https:\/\/www.docpro.com.br\/mainweb\/wp-content\/uploads\/2020\/05\/instituto-embratel.png 300w, https:\/\/www.docpro.com.br\/mainweb\/wp-content\/uploads\/2020\/05\/instituto-embratel-150x150.png 150w, https:\/\/www.docpro.com.br\/mainweb\/wp-content\/uploads\/2020\/05\/instituto-embratel-120x120.png 120w\" sizes=\"(max-width: 300px) 100vw, 300px\" \/>\t\t\t\t\t\t\t\t\t\t\t\t\t\t\t<\/div>\n\t\t\t\t<\/div>\n\t\t\t\t\t<\/div>\n\t\t<\/div>\n\t\t\t\t<div class=\"elementor-column elementor-col-16 elementor-top-column elementor-element elementor-element-3dbfa06\" data-id=\"3dbfa06\" data-element_type=\"column\">\n\t\t\t<div class=\"elementor-widget-wrap elementor-element-populated\">\n\t\t\t\t\t\t<div class=\"elementor-element elementor-element-d6b09b0 elementor-widget elementor-widget-image\" data-id=\"d6b09b0\" data-element_type=\"widget\" data-widget_type=\"image.default\">\n\t\t\t\t<div class=\"elementor-widget-container\">\n\t\t\t\t\t\t\t\t\t\t\t\t\t\t\t<img loading=\"lazy\" decoding=\"async\" width=\"300\" height=\"300\" src=\"https:\/\/www.docpro.com.br\/mainweb\/wp-content\/uploads\/2020\/05\/anp.png\" class=\"attachment-large size-large wp-image-149\" alt=\"\" srcset=\"https:\/\/www.docpro.com.br\/mainweb\/wp-content\/uploads\/2020\/05\/anp.png 300w, https:\/\/www.docpro.com.br\/mainweb\/wp-content\/uploads\/2020\/05\/anp-150x150.png 150w, https:\/\/www.docpro.com.br\/mainweb\/wp-content\/uploads\/2020\/05\/anp-120x120.png 120w\" sizes=\"(max-width: 300px) 100vw, 300px\" \/>\t\t\t\t\t\t\t\t\t\t\t\t\t\t\t<\/div>\n\t\t\t\t<\/div>\n\t\t\t\t\t<\/div>\n\t\t<\/div>\n\t\t\t\t<div class=\"elementor-column elementor-col-16 elementor-top-column elementor-element elementor-element-8533793\" data-id=\"8533793\" data-element_type=\"column\">\n\t\t\t<div class=\"elementor-widget-wrap elementor-element-populated\">\n\t\t\t\t\t\t<div class=\"elementor-element elementor-element-ddb2d7f elementor-widget elementor-widget-image\" data-id=\"ddb2d7f\" data-element_type=\"widget\" data-widget_type=\"image.default\">\n\t\t\t\t<div class=\"elementor-widget-container\">\n\t\t\t\t\t\t\t\t\t\t\t\t\t\t\t<img loading=\"lazy\" decoding=\"async\" width=\"300\" height=\"300\" src=\"https:\/\/www.docpro.com.br\/mainweb\/wp-content\/uploads\/2020\/05\/cprm.png\" class=\"attachment-large size-large wp-image-150\" alt=\"\" srcset=\"https:\/\/www.docpro.com.br\/mainweb\/wp-content\/uploads\/2020\/05\/cprm.png 300w, https:\/\/www.docpro.com.br\/mainweb\/wp-content\/uploads\/2020\/05\/cprm-150x150.png 150w, https:\/\/www.docpro.com.br\/mainweb\/wp-content\/uploads\/2020\/05\/cprm-120x120.png 120w\" sizes=\"(max-width: 300px) 100vw, 300px\" \/>\t\t\t\t\t\t\t\t\t\t\t\t\t\t\t<\/div>\n\t\t\t\t<\/div>\n\t\t\t\t\t<\/div>\n\t\t<\/div>\n\t\t\t\t<div class=\"elementor-column elementor-col-16 elementor-top-column elementor-element elementor-element-423a2bf\" data-id=\"423a2bf\" data-element_type=\"column\">\n\t\t\t<div class=\"elementor-widget-wrap elementor-element-populated\">\n\t\t\t\t\t\t<div class=\"elementor-element elementor-element-6615401 elementor-widget elementor-widget-image\" data-id=\"6615401\" data-element_type=\"widget\" data-widget_type=\"image.default\">\n\t\t\t\t<div class=\"elementor-widget-container\">\n\t\t\t\t\t\t\t\t\t\t\t\t\t\t\t<img loading=\"lazy\" decoding=\"async\" width=\"300\" height=\"300\" src=\"https:\/\/www.docpro.com.br\/mainweb\/wp-content\/uploads\/2020\/05\/klabin.png\" class=\"attachment-large size-large wp-image-152\" alt=\"\" srcset=\"https:\/\/www.docpro.com.br\/mainweb\/wp-content\/uploads\/2020\/05\/klabin.png 300w, https:\/\/www.docpro.com.br\/mainweb\/wp-content\/uploads\/2020\/05\/klabin-150x150.png 150w, https:\/\/www.docpro.com.br\/mainweb\/wp-content\/uploads\/2020\/05\/klabin-120x120.png 120w\" sizes=\"(max-width: 300px) 100vw, 300px\" \/>\t\t\t\t\t\t\t\t\t\t\t\t\t\t\t<\/div>\n\t\t\t\t<\/div>\n\t\t\t\t\t<\/div>\n\t\t<\/div>\n\t\t\t\t<div class=\"elementor-column elementor-col-16 elementor-top-column elementor-element elementor-element-8fd9509\" data-id=\"8fd9509\" data-element_type=\"column\">\n\t\t\t<div class=\"elementor-widget-wrap elementor-element-populated\">\n\t\t\t\t\t\t<div class=\"elementor-element elementor-element-a63394a elementor-widget elementor-widget-image\" data-id=\"a63394a\" data-element_type=\"widget\" data-widget_type=\"image.default\">\n\t\t\t\t<div class=\"elementor-widget-container\">\n\t\t\t\t\t\t\t\t\t\t\t\t\t\t\t<img loading=\"lazy\" decoding=\"async\" width=\"300\" height=\"300\" src=\"https:\/\/www.docpro.com.br\/mainweb\/wp-content\/uploads\/2020\/05\/iphan.png\" class=\"attachment-large size-large wp-image-153\" alt=\"\" srcset=\"https:\/\/www.docpro.com.br\/mainweb\/wp-content\/uploads\/2020\/05\/iphan.png 300w, https:\/\/www.docpro.com.br\/mainweb\/wp-content\/uploads\/2020\/05\/iphan-150x150.png 150w, https:\/\/www.docpro.com.br\/mainweb\/wp-content\/uploads\/2020\/05\/iphan-120x120.png 120w\" sizes=\"(max-width: 300px) 100vw, 300px\" \/>\t\t\t\t\t\t\t\t\t\t\t\t\t\t\t<\/div>\n\t\t\t\t<\/div>\n\t\t\t\t\t<\/div>\n\t\t<\/div>\n\t\t\t\t<div class=\"elementor-column elementor-col-16 elementor-top-column elementor-element elementor-element-35d6925\" data-id=\"35d6925\" data-element_type=\"column\">\n\t\t\t<div class=\"elementor-widget-wrap\">\n\t\t\t\t\t\t\t<\/div>\n\t\t<\/div>\n\t\t\t\t\t<\/div>\n\t\t<\/section>\n\t\t\t\t<\/div>\n\t\t","protected":false},"excerpt":{"rendered":"<p>Conhe\u00e7a algumas empresas e institutos que utilizam a tecnologia DocPro para otimizar sua gest\u00e3o de documentos e seus processos internos!<\/p>\n","protected":false},"author":1,"featured_media":134,"parent":0,"menu_order":0,"comment_status":"closed","ping_status":"closed","template":"modelo-quem-usa.php","meta":{"_acf_changed":false,"footnotes":""},"class_list":["post-102","page","type-page","status-publish","has-post-thumbnail","hentry"],"acf":[],"yoast_head":"<!-- This site is optimized with the Yoast SEO plugin v24.1 - https:\/\/yoast.com\/wordpress\/plugins\/seo\/ -->\n<title>DocPro | Relatos de quem usou nossos servi\u00e7os de gest\u00e3o documental<\/title>\n<meta name=\"description\" content=\"Veja alguns relatos de pessoas que j\u00e1 usaram a tecnologia e os servi\u00e7os da DocPro para digitalizar, arquivar e organizar seus documentos, otimizando\u00a0processos.\" \/>\n<meta name=\"robots\" content=\"index, follow, max-snippet:-1, max-image-preview:large, max-video-preview:-1\" \/>\n<link rel=\"canonical\" href=\"https:\/\/www.docpro.com.br\/mainweb\/quem-usa\/\" \/>\n<meta property=\"og:locale\" content=\"pt_BR\" \/>\n<meta property=\"og:type\" content=\"article\" \/>\n<meta property=\"og:title\" content=\"DocPro | Relatos de quem usou nossos servi\u00e7os de gest\u00e3o documental\" \/>\n<meta property=\"og:description\" content=\"Veja alguns relatos de pessoas que j\u00e1 usaram a tecnologia e os servi\u00e7os da DocPro para digitalizar, arquivar e organizar seus documentos, otimizando\u00a0processos.\" \/>\n<meta property=\"og:url\" content=\"https:\/\/www.docpro.com.br\/mainweb\/quem-usa\/\" \/>\n<meta property=\"og:site_name\" content=\"DocPro - a tecnologia que traz produtividade para sua empresa\" \/>\n<meta property=\"article:modified_time\" content=\"2023-12-19T23:29:20+00:00\" \/>\n<meta property=\"og:image\" content=\"https:\/\/www.docpro.com.br\/mainweb\/wp-content\/uploads\/2020\/05\/bg-quem-usa.jpg\" \/>\n\t<meta property=\"og:image:width\" content=\"1600\" \/>\n\t<meta property=\"og:image:height\" content=\"778\" \/>\n\t<meta property=\"og:image:type\" content=\"image\/jpeg\" \/>\n<meta name=\"twitter:card\" content=\"summary_large_image\" \/>\n<meta name=\"twitter:label1\" content=\"Est. tempo de leitura\" \/>\n\t<meta name=\"twitter:data1\" content=\"3 minutos\" \/>\n<script type=\"application\/ld+json\" class=\"yoast-schema-graph\">{\"@context\":\"https:\/\/schema.org\",\"@graph\":[{\"@type\":\"WebPage\",\"@id\":\"https:\/\/www.docpro.com.br\/mainweb\/quem-usa\/\",\"url\":\"https:\/\/www.docpro.com.br\/mainweb\/quem-usa\/\",\"name\":\"DocPro | Relatos de quem usou nossos servi\u00e7os de gest\u00e3o documental\",\"isPartOf\":{\"@id\":\"https:\/\/www.docpro.com.br\/mainweb\/#website\"},\"primaryImageOfPage\":{\"@id\":\"https:\/\/www.docpro.com.br\/mainweb\/quem-usa\/#primaryimage\"},\"image\":{\"@id\":\"https:\/\/www.docpro.com.br\/mainweb\/quem-usa\/#primaryimage\"},\"thumbnailUrl\":\"https:\/\/www.docpro.com.br\/mainweb\/wp-content\/uploads\/2020\/05\/bg-quem-usa.jpg\",\"datePublished\":\"2020-04-29T18:38:52+00:00\",\"dateModified\":\"2023-12-19T23:29:20+00:00\",\"description\":\"Veja alguns relatos de pessoas que j\u00e1 usaram a tecnologia e os servi\u00e7os da DocPro para digitalizar, arquivar e organizar seus documentos, otimizando\u00a0processos.\",\"breadcrumb\":{\"@id\":\"https:\/\/www.docpro.com.br\/mainweb\/quem-usa\/#breadcrumb\"},\"inLanguage\":\"pt-BR\",\"potentialAction\":[{\"@type\":\"ReadAction\",\"target\":[\"https:\/\/www.docpro.com.br\/mainweb\/quem-usa\/\"]}]},{\"@type\":\"ImageObject\",\"inLanguage\":\"pt-BR\",\"@id\":\"https:\/\/www.docpro.com.br\/mainweb\/quem-usa\/#primaryimage\",\"url\":\"https:\/\/www.docpro.com.br\/mainweb\/wp-content\/uploads\/2020\/05\/bg-quem-usa.jpg\",\"contentUrl\":\"https:\/\/www.docpro.com.br\/mainweb\/wp-content\/uploads\/2020\/05\/bg-quem-usa.jpg\",\"width\":1600,\"height\":778},{\"@type\":\"BreadcrumbList\",\"@id\":\"https:\/\/www.docpro.com.br\/mainweb\/quem-usa\/#breadcrumb\",\"itemListElement\":[{\"@type\":\"ListItem\",\"position\":1,\"name\":\"In\u00edcio\",\"item\":\"https:\/\/www.docpro.com.br\/mainweb\/\"},{\"@type\":\"ListItem\",\"position\":2,\"name\":\"Quem usa\"}]},{\"@type\":\"WebSite\",\"@id\":\"https:\/\/www.docpro.com.br\/mainweb\/#website\",\"url\":\"https:\/\/www.docpro.com.br\/mainweb\/\",\"name\":\"DocPro - a tecnologia que traz produtividade para sua empresa\",\"description\":\"A DocPro traz uma tecnologia de inxa\u00e7\u00e3o, armazenamento e pesquisa em documentos de diferentes formatos.\",\"publisher\":{\"@id\":\"https:\/\/www.docpro.com.br\/mainweb\/#organization\"},\"potentialAction\":[{\"@type\":\"SearchAction\",\"target\":{\"@type\":\"EntryPoint\",\"urlTemplate\":\"https:\/\/www.docpro.com.br\/mainweb\/?s={search_term_string}\"},\"query-input\":{\"@type\":\"PropertyValueSpecification\",\"valueRequired\":true,\"valueName\":\"search_term_string\"}}],\"inLanguage\":\"pt-BR\"},{\"@type\":\"Organization\",\"@id\":\"https:\/\/www.docpro.com.br\/mainweb\/#organization\",\"name\":\"DocPro - a tecnologia que traz produtividade para sua empresa\",\"url\":\"https:\/\/www.docpro.com.br\/mainweb\/\",\"logo\":{\"@type\":\"ImageObject\",\"inLanguage\":\"pt-BR\",\"@id\":\"https:\/\/www.docpro.com.br\/mainweb\/#\/schema\/logo\/image\/\",\"url\":\"https:\/\/www.docpro.com.br\/mainweb\/wp-content\/uploads\/2020\/04\/2007_Logo_DocPro_HIGH_TranspSlogan_1@2x.png\",\"contentUrl\":\"https:\/\/www.docpro.com.br\/mainweb\/wp-content\/uploads\/2020\/04\/2007_Logo_DocPro_HIGH_TranspSlogan_1@2x.png\",\"width\":636,\"height\":172,\"caption\":\"DocPro - a tecnologia que traz produtividade para sua empresa\"},\"image\":{\"@id\":\"https:\/\/www.docpro.com.br\/mainweb\/#\/schema\/logo\/image\/\"}}]}<\/script>\n<!-- \/ Yoast SEO plugin. -->","yoast_head_json":{"title":"DocPro | Relatos de quem usou nossos servi\u00e7os de gest\u00e3o documental","description":"Veja alguns relatos de pessoas que j\u00e1 usaram a tecnologia e os servi\u00e7os da DocPro para digitalizar, arquivar e organizar seus documentos, otimizando\u00a0processos.","robots":{"index":"index","follow":"follow","max-snippet":"max-snippet:-1","max-image-preview":"max-image-preview:large","max-video-preview":"max-video-preview:-1"},"canonical":"https:\/\/www.docpro.com.br\/mainweb\/quem-usa\/","og_locale":"pt_BR","og_type":"article","og_title":"DocPro | Relatos de quem usou nossos servi\u00e7os de gest\u00e3o documental","og_description":"Veja alguns relatos de pessoas que j\u00e1 usaram a tecnologia e os servi\u00e7os da DocPro para digitalizar, arquivar e organizar seus documentos, otimizando\u00a0processos.","og_url":"https:\/\/www.docpro.com.br\/mainweb\/quem-usa\/","og_site_name":"DocPro - a tecnologia que traz produtividade para sua empresa","article_modified_time":"2023-12-19T23:29:20+00:00","og_image":[{"width":1600,"height":778,"url":"https:\/\/www.docpro.com.br\/mainweb\/wp-content\/uploads\/2020\/05\/bg-quem-usa.jpg","type":"image\/jpeg"}],"twitter_card":"summary_large_image","twitter_misc":{"Est. tempo de leitura":"3 minutos"},"schema":{"@context":"https:\/\/schema.org","@graph":[{"@type":"WebPage","@id":"https:\/\/www.docpro.com.br\/mainweb\/quem-usa\/","url":"https:\/\/www.docpro.com.br\/mainweb\/quem-usa\/","name":"DocPro | Relatos de quem usou nossos servi\u00e7os de gest\u00e3o documental","isPartOf":{"@id":"https:\/\/www.docpro.com.br\/mainweb\/#website"},"primaryImageOfPage":{"@id":"https:\/\/www.docpro.com.br\/mainweb\/quem-usa\/#primaryimage"},"image":{"@id":"https:\/\/www.docpro.com.br\/mainweb\/quem-usa\/#primaryimage"},"thumbnailUrl":"https:\/\/www.docpro.com.br\/mainweb\/wp-content\/uploads\/2020\/05\/bg-quem-usa.jpg","datePublished":"2020-04-29T18:38:52+00:00","dateModified":"2023-12-19T23:29:20+00:00","description":"Veja alguns relatos de pessoas que j\u00e1 usaram a tecnologia e os servi\u00e7os da DocPro para digitalizar, arquivar e organizar seus documentos, otimizando\u00a0processos.","breadcrumb":{"@id":"https:\/\/www.docpro.com.br\/mainweb\/quem-usa\/#breadcrumb"},"inLanguage":"pt-BR","potentialAction":[{"@type":"ReadAction","target":["https:\/\/www.docpro.com.br\/mainweb\/quem-usa\/"]}]},{"@type":"ImageObject","inLanguage":"pt-BR","@id":"https:\/\/www.docpro.com.br\/mainweb\/quem-usa\/#primaryimage","url":"https:\/\/www.docpro.com.br\/mainweb\/wp-content\/uploads\/2020\/05\/bg-quem-usa.jpg","contentUrl":"https:\/\/www.docpro.com.br\/mainweb\/wp-content\/uploads\/2020\/05\/bg-quem-usa.jpg","width":1600,"height":778},{"@type":"BreadcrumbList","@id":"https:\/\/www.docpro.com.br\/mainweb\/quem-usa\/#breadcrumb","itemListElement":[{"@type":"ListItem","position":1,"name":"In\u00edcio","item":"https:\/\/www.docpro.com.br\/mainweb\/"},{"@type":"ListItem","position":2,"name":"Quem usa"}]},{"@type":"WebSite","@id":"https:\/\/www.docpro.com.br\/mainweb\/#website","url":"https:\/\/www.docpro.com.br\/mainweb\/","name":"DocPro - a tecnologia que traz produtividade para sua empresa","description":"A DocPro traz uma tecnologia de inxa\u00e7\u00e3o, armazenamento e pesquisa em documentos de diferentes formatos.","publisher":{"@id":"https:\/\/www.docpro.com.br\/mainweb\/#organization"},"potentialAction":[{"@type":"SearchAction","target":{"@type":"EntryPoint","urlTemplate":"https:\/\/www.docpro.com.br\/mainweb\/?s={search_term_string}"},"query-input":{"@type":"PropertyValueSpecification","valueRequired":true,"valueName":"search_term_string"}}],"inLanguage":"pt-BR"},{"@type":"Organization","@id":"https:\/\/www.docpro.com.br\/mainweb\/#organization","name":"DocPro - a tecnologia que traz produtividade para sua empresa","url":"https:\/\/www.docpro.com.br\/mainweb\/","logo":{"@type":"ImageObject","inLanguage":"pt-BR","@id":"https:\/\/www.docpro.com.br\/mainweb\/#\/schema\/logo\/image\/","url":"https:\/\/www.docpro.com.br\/mainweb\/wp-content\/uploads\/2020\/04\/2007_Logo_DocPro_HIGH_TranspSlogan_1@2x.png","contentUrl":"https:\/\/www.docpro.com.br\/mainweb\/wp-content\/uploads\/2020\/04\/2007_Logo_DocPro_HIGH_TranspSlogan_1@2x.png","width":636,"height":172,"caption":"DocPro - a tecnologia que traz produtividade para sua empresa"},"image":{"@id":"https:\/\/www.docpro.com.br\/mainweb\/#\/schema\/logo\/image\/"}}]}},"_links":{"self":[{"href":"https:\/\/www.docpro.com.br\/mainweb\/wp-json\/wp\/v2\/pages\/102"}],"collection":[{"href":"https:\/\/www.docpro.com.br\/mainweb\/wp-json\/wp\/v2\/pages"}],"about":[{"href":"https:\/\/www.docpro.com.br\/mainweb\/wp-json\/wp\/v2\/types\/page"}],"author":[{"embeddable":true,"href":"https:\/\/www.docpro.com.br\/mainweb\/wp-json\/wp\/v2\/users\/1"}],"replies":[{"embeddable":true,"href":"https:\/\/www.docpro.com.br\/mainweb\/wp-json\/wp\/v2\/comments?post=102"}],"version-history":[{"count":17,"href":"https:\/\/www.docpro.com.br\/mainweb\/wp-json\/wp\/v2\/pages\/102\/revisions"}],"predecessor-version":[{"id":627,"href":"https:\/\/www.docpro.com.br\/mainweb\/wp-json\/wp\/v2\/pages\/102\/revisions\/627"}],"wp:featuredmedia":[{"embeddable":true,"href":"https:\/\/www.docpro.com.br\/mainweb\/wp-json\/wp\/v2\/media\/134"}],"wp:attachment":[{"href":"https:\/\/www.docpro.com.br\/mainweb\/wp-json\/wp\/v2\/media?parent=102"}],"curies":[{"name":"wp","href":"https:\/\/api.w.org\/{rel}","templated":true}]}}